{"id":992,"date":"2025-05-23T15:53:02","date_gmt":"2025-05-23T15:53:02","guid":{"rendered":"https:\/\/inkbrothercusco.com\/?page_id=992"},"modified":"2025-06-11T17:39:49","modified_gmt":"2025-06-11T17:39:49","slug":"kike-tattoo","status":"publish","type":"page","link":"https:\/\/inkbrothercusco.com\/en\/kike-tattoo\/","title":{"rendered":"Kike Tattoo"},"content":{"rendered":"<div data-elementor-type=\"wp-page\" data-elementor-id=\"992\" class=\"elementor elementor-992\" data-elementor-post-type=\"page\">\n\t\t\t\t<div class=\"elementor-element elementor-element-45ff6772 e-flex e-con-boxed wpr-particle-no wpr-jarallax-no wpr-parallax-no wpr-sticky-section-no wpr-equal-height-no e-con e-parent\" data-id=\"45ff6772\" data-element_type=\"container\" data-e-type=\"container\" data-settings=\"{&quot;background_background&quot;:&quot;classic&quot;}\">\n\t\t\t\t\t<div class=\"e-con-inner\">\n\t\t\t\t\t<\/div>\n\t\t\t\t<\/div>\n\t\t<div class=\"elementor-element elementor-element-120dda63 e-flex e-con-boxed wpr-particle-no wpr-jarallax-no wpr-parallax-no wpr-sticky-section-no wpr-equal-height-no e-con e-parent\" data-id=\"120dda63\" data-element_type=\"container\" data-e-type=\"container\" data-settings=\"{&quot;background_background&quot;:&quot;classic&quot;}\">\n\t\t\t\t\t<div class=\"e-con-inner\">\n\t\t<div class=\"elementor-element elementor-element-4b7f27a9 e-con-full e-flex wpr-particle-no wpr-jarallax-no wpr-parallax-no wpr-sticky-section-no wpr-equal-height-no e-con e-child\" data-id=\"4b7f27a9\" data-element_type=\"container\" data-e-type=\"container\">\n\t\t\t\t<div class=\"elementor-element elementor-element-2a0664ad elementor-widget elementor-widget-image\" data-id=\"2a0664ad\" data-element_type=\"widget\" data-e-type=\"widget\" data-widget_type=\"image.default\">\n\t\t\t\t<div class=\"elementor-widget-container\">\n\t\t\t\t\t\t\t\t\t\t\t\t\t\t\t<img fetchpriority=\"high\" decoding=\"async\" width=\"500\" height=\"800\" src=\"https:\/\/inkbrothercusco.com\/wp-content\/uploads\/2025\/06\/kike.jpg\" class=\"attachment-large size-large wp-image-1960\" alt=\"\" srcset=\"https:\/\/inkbrothercusco.com\/wp-content\/uploads\/2025\/06\/kike.jpg 500w, https:\/\/inkbrothercusco.com\/wp-content\/uploads\/2025\/06\/kike-188x300.jpg 188w, https:\/\/inkbrothercusco.com\/wp-content\/uploads\/2025\/06\/kike-8x12.jpg 8w\" sizes=\"(max-width: 500px) 100vw, 500px\" \/>\t\t\t\t\t\t\t\t\t\t\t\t\t\t\t<\/div>\n\t\t\t\t<\/div>\n\t\t\t\t<\/div>\n\t\t<div class=\"elementor-element elementor-element-5ab9d95 e-con-full e-flex wpr-particle-no wpr-jarallax-no wpr-parallax-no wpr-sticky-section-no wpr-equal-height-no e-con e-child\" data-id=\"5ab9d95\" data-element_type=\"container\" data-e-type=\"container\">\n\t\t\t\t<div class=\"elementor-element elementor-element-140643fb elementor-widget elementor-widget-heading\" data-id=\"140643fb\" data-element_type=\"widget\" data-e-type=\"widget\" data-widget_type=\"heading.default\">\n\t\t\t\t<div class=\"elementor-widget-container\">\n\t\t\t\t\t<h2 class=\"elementor-heading-title elementor-size-default\">KIKE TATTOO<\/h2>\t\t\t\t<\/div>\n\t\t\t\t<\/div>\n\t\t\t\t<div class=\"elementor-element elementor-element-102bdbaf elementor-widget-divider--view-line elementor-widget elementor-widget-divider\" data-id=\"102bdbaf\" data-element_type=\"widget\" data-e-type=\"widget\" data-widget_type=\"divider.default\">\n\t\t\t\t<div class=\"elementor-widget-container\">\n\t\t\t\t\t\t\t<div class=\"elementor-divider\">\n\t\t\t<span class=\"elementor-divider-separator\">\n\t\t\t\t\t\t<\/span>\n\t\t<\/div>\n\t\t\t\t\t\t<\/div>\n\t\t\t\t<\/div>\n\t\t\t\t<div class=\"elementor-element elementor-element-c458184 elementor-widget elementor-widget-heading\" data-id=\"c458184\" data-element_type=\"widget\" data-e-type=\"widget\" data-widget_type=\"heading.default\">\n\t\t\t\t<div class=\"elementor-widget-container\">\n\t\t\t\t\t<h2 class=\"elementor-heading-title elementor-size-default\">Ecuador<\/h2>\t\t\t\t<\/div>\n\t\t\t\t<\/div>\n\t\t\t\t<div class=\"elementor-element elementor-element-5a969ce0 elementor-widget elementor-widget-text-editor\" data-id=\"5a969ce0\" data-element_type=\"widget\" data-e-type=\"widget\" data-widget_type=\"text-editor.default\">\n\t\t\t\t<div class=\"elementor-widget-container\">\n\t\t\t\t\t\t\t\t\t<p data-start=\"161\" data-end=\"473\"><strong data-start=\"161\" data-end=\"246\">I am Kike Tattoo, a tattoo artist based in Ecuador with more than 10 years of experience.<\/strong><br data-start=\"246\" data-end=\"249\" \/>This path has not been easy: it has been full of struggle, effort, and a lot of faith. But today I can proudly say that I am fulfilling a dream: being part of <strong data-start=\"403\" data-end=\"419\">Ink Brothers<\/strong>, a space where art and family meet.<\/p><p data-start=\"475\" data-end=\"665\">I specialize in realism, a technique that allows me to leave a profound impression on every person who places their trust in my work. Each tattoo is more than ink: it's a story, an identity, and an emotion.<\/p><p data-start=\"667\" data-end=\"802\">From Ecuador to the world, I continue to grow and tattoo with the same dream that brought me here: to create art that will last forever.<\/p>\t\t\t\t\t\t\t\t<\/div>\n\t\t\t\t<\/div>\n\t\t\t\t<\/div>\n\t\t\t\t\t<\/div>\n\t\t\t\t<\/div>\n\t\t\t\t<\/div>","protected":false},"excerpt":{"rendered":"<p>KIKE TATTOO Ecuador Soy Kike Tattoo, tatuador residente en Ecuador con m\u00e1s de 10 a\u00f1os de experiencia.Este camino no ha sido f\u00e1cil: ha estado lleno de lucha, esfuerzo y mucha fe. Pero hoy puedo decir con orgullo que estoy cumpliendo un sue\u00f1o: ser parte de Ink Brothers, un espacio donde el arte y la familia se encuentran. Me especializo en el realismo, una t\u00e9cnica que me permite dejar una huella profunda en cada persona que conf\u00eda en mi trabajo. Cada tatuaje es m\u00e1s que tinta: es historia, identidad y emoci\u00f3n. Desde Ecuador para el mundo, sigo creciendo y tatuando con el mismo sue\u00f1o que me trajo hasta aqu\u00ed: crear arte que perdure para siempre.<\/p>","protected":false},"author":1,"featured_media":0,"parent":0,"menu_order":0,"comment_status":"closed","ping_status":"closed","template":"","meta":{"googlesitekit_rrm_CAowvcPcCw:productID":"","site-sidebar-layout":"no-sidebar","site-content-layout":"","ast-site-content-layout":"full-width-container","site-content-style":"default","site-sidebar-style":"default","ast-global-header-display":"","ast-banner-title-visibility":"","ast-main-header-display":"","ast-hfb-above-header-display":"","ast-hfb-below-header-display":"","ast-hfb-mobile-header-display":"","site-post-title":"disabled","ast-breadcrumbs-content":"","ast-featured-img":"disabled","footer-sml-layout":"","ast-disable-related-posts":"","theme-transparent-header-meta":"","adv-header-id-meta":"","stick-header-meta":"","header-above-stick-meta":"","header-main-stick-meta":"","header-below-stick-meta":"","astra-migrate-meta-layouts":"default","ast-page-background-enabled":"default","ast-page-background-meta":{"desktop":{"background-color":"var(--ast-global-color-5)","background-image":"","background-repeat":"repeat","background-position":"center center","background-size":"auto","background-attachment":"scroll","background-type":"","background-media":"","overlay-type":"","overlay-color":"","overlay-opacity":"","overlay-gradient":""},"tablet":{"background-color":"","background-image":"","background-repeat":"repeat","background-position":"center center","background-size":"auto","background-attachment":"scroll","background-type":"","background-media":"","overlay-type":"","overlay-color":"","overlay-opacity":"","overlay-gradient":""},"mobile":{"background-color":"","background-image":"","background-repeat":"repeat","background-position":"center center","background-size":"auto","background-attachment":"scroll","background-type":"","background-media":"","overlay-type":"","overlay-color":"","overlay-opacity":"","overlay-gradient":""}},"ast-content-background-meta":{"desktop":{"background-color":"var(--ast-global-color-4)","background-image":"","background-repeat":"repeat","background-position":"center center","background-size":"auto","background-attachment":"scroll","background-type":"","background-media":"","overlay-type":"","overlay-color":"","overlay-opacity":"","overlay-gradient":""},"tablet":{"background-color":"var(--ast-global-color-4)","background-image":"","background-repeat":"repeat","background-position":"center center","background-size":"auto","background-attachment":"scroll","background-type":"","background-media":"","overlay-type":"","overlay-color":"","overlay-opacity":"","overlay-gradient":""},"mobile":{"background-color":"var(--ast-global-color-4)","background-image":"","background-repeat":"repeat","background-position":"center center","background-size":"auto","background-attachment":"scroll","background-type":"","background-media":"","overlay-type":"","overlay-color":"","overlay-opacity":"","overlay-gradient":""}},"_joinchat":[],"footnotes":""},"class_list":["post-992","page","type-page","status-publish","hentry"],"yoast_head":"<!-- This site is optimized with the Yoast SEO plugin v27.4 - https:\/\/yoast.com\/product\/yoast-seo-wordpress\/ -->\n<title>Kike Tattoo - Inkbrotherstudio<\/title>\n<meta name=\"robots\" content=\"index, follow, max-snippet:-1, max-image-preview:large, max-video-preview:-1\" \/>\n<link rel=\"canonical\" href=\"https:\/\/inkbrothercusco.com\/en\/kike-tattoo\/\" \/>\n<meta property=\"og:locale\" content=\"en_US\" \/>\n<meta property=\"og:type\" content=\"article\" \/>\n<meta property=\"og:title\" content=\"Kike Tattoo - Inkbrotherstudio\" \/>\n<meta property=\"og:description\" content=\"KIKE TATTOO Ecuador Soy Kike Tattoo, tatuador residente en Ecuador con m\u00e1s de 10 a\u00f1os de experiencia.Este camino no ha sido f\u00e1cil: ha estado lleno de lucha, esfuerzo y mucha fe. Pero hoy puedo decir con orgullo que estoy cumpliendo un sue\u00f1o: ser parte de Ink Brothers, un espacio donde el arte y la familia se encuentran. Me especializo en el realismo, una t\u00e9cnica que me permite dejar una huella profunda en cada persona que conf\u00eda en mi trabajo. Cada tatuaje es m\u00e1s que tinta: es historia, identidad y emoci\u00f3n. Desde Ecuador para el mundo, sigo creciendo y tatuando con el mismo sue\u00f1o que me trajo hasta aqu\u00ed: crear arte que perdure para siempre.\" \/>\n<meta property=\"og:url\" content=\"https:\/\/inkbrothercusco.com\/en\/kike-tattoo\/\" \/>\n<meta property=\"og:site_name\" content=\"Inkbrotherstudio\" \/>\n<meta property=\"article:modified_time\" content=\"2025-06-11T17:39:49+00:00\" \/>\n<meta property=\"og:image\" content=\"https:\/\/inkbrothercusco.com\/wp-content\/uploads\/2025\/06\/kike.jpg\" \/>\n\t<meta property=\"og:image:width\" content=\"500\" \/>\n\t<meta property=\"og:image:height\" content=\"800\" \/>\n\t<meta property=\"og:image:type\" content=\"image\/jpeg\" \/>\n<meta name=\"twitter:card\" content=\"summary_large_image\" \/>\n<meta name=\"twitter:label1\" content=\"Est. reading time\" \/>\n\t<meta name=\"twitter:data1\" content=\"1 minute\" \/>\n<script type=\"application\/ld+json\" class=\"yoast-schema-graph\">{\"@context\":\"https:\\\/\\\/schema.org\",\"@graph\":[{\"@type\":\"WebPage\",\"@id\":\"https:\\\/\\\/inkbrothercusco.com\\\/kike-tattoo\\\/\",\"url\":\"https:\\\/\\\/inkbrothercusco.com\\\/kike-tattoo\\\/\",\"name\":\"Kike Tattoo - Inkbrotherstudio\",\"isPartOf\":{\"@id\":\"https:\\\/\\\/inkbrothercusco.com\\\/#website\"},\"primaryImageOfPage\":{\"@id\":\"https:\\\/\\\/inkbrothercusco.com\\\/kike-tattoo\\\/#primaryimage\"},\"image\":{\"@id\":\"https:\\\/\\\/inkbrothercusco.com\\\/kike-tattoo\\\/#primaryimage\"},\"thumbnailUrl\":\"https:\\\/\\\/inkbrothercusco.com\\\/wp-content\\\/uploads\\\/2025\\\/06\\\/kike.jpg\",\"datePublished\":\"2025-05-23T15:53:02+00:00\",\"dateModified\":\"2025-06-11T17:39:49+00:00\",\"breadcrumb\":{\"@id\":\"https:\\\/\\\/inkbrothercusco.com\\\/kike-tattoo\\\/#breadcrumb\"},\"inLanguage\":\"en-US\",\"potentialAction\":[{\"@type\":\"ReadAction\",\"target\":[\"https:\\\/\\\/inkbrothercusco.com\\\/kike-tattoo\\\/\"]}]},{\"@type\":\"ImageObject\",\"inLanguage\":\"en-US\",\"@id\":\"https:\\\/\\\/inkbrothercusco.com\\\/kike-tattoo\\\/#primaryimage\",\"url\":\"https:\\\/\\\/inkbrothercusco.com\\\/wp-content\\\/uploads\\\/2025\\\/06\\\/kike.jpg\",\"contentUrl\":\"https:\\\/\\\/inkbrothercusco.com\\\/wp-content\\\/uploads\\\/2025\\\/06\\\/kike.jpg\"},{\"@type\":\"BreadcrumbList\",\"@id\":\"https:\\\/\\\/inkbrothercusco.com\\\/kike-tattoo\\\/#breadcrumb\",\"itemListElement\":[{\"@type\":\"ListItem\",\"position\":1,\"name\":\"Portada\",\"item\":\"https:\\\/\\\/inkbrothercusco.com\\\/\"},{\"@type\":\"ListItem\",\"position\":2,\"name\":\"Kike Tattoo\"}]},{\"@type\":\"WebSite\",\"@id\":\"https:\\\/\\\/inkbrothercusco.com\\\/#website\",\"url\":\"https:\\\/\\\/inkbrothercusco.com\\\/\",\"name\":\"Inkbrotherstudio\",\"description\":\"\",\"potentialAction\":[{\"@type\":\"SearchAction\",\"target\":{\"@type\":\"EntryPoint\",\"urlTemplate\":\"https:\\\/\\\/inkbrothercusco.com\\\/?s={search_term_string}\"},\"query-input\":{\"@type\":\"PropertyValueSpecification\",\"valueRequired\":true,\"valueName\":\"search_term_string\"}}],\"inLanguage\":\"en-US\"}]}<\/script>\n<!-- \/ Yoast SEO plugin. -->","yoast_head_json":{"title":"Kike Tattoo - Inkbrotherstudio","robots":{"index":"index","follow":"follow","max-snippet":"max-snippet:-1","max-image-preview":"max-image-preview:large","max-video-preview":"max-video-preview:-1"},"canonical":"https:\/\/inkbrothercusco.com\/en\/kike-tattoo\/","og_locale":"en_US","og_type":"article","og_title":"Kike Tattoo - Inkbrotherstudio","og_description":"KIKE TATTOO Ecuador Soy Kike Tattoo, tatuador residente en Ecuador con m\u00e1s de 10 a\u00f1os de experiencia.Este camino no ha sido f\u00e1cil: ha estado lleno de lucha, esfuerzo y mucha fe. Pero hoy puedo decir con orgullo que estoy cumpliendo un sue\u00f1o: ser parte de Ink Brothers, un espacio donde el arte y la familia se encuentran. Me especializo en el realismo, una t\u00e9cnica que me permite dejar una huella profunda en cada persona que conf\u00eda en mi trabajo. Cada tatuaje es m\u00e1s que tinta: es historia, identidad y emoci\u00f3n. Desde Ecuador para el mundo, sigo creciendo y tatuando con el mismo sue\u00f1o que me trajo hasta aqu\u00ed: crear arte que perdure para siempre.","og_url":"https:\/\/inkbrothercusco.com\/en\/kike-tattoo\/","og_site_name":"Inkbrotherstudio","article_modified_time":"2025-06-11T17:39:49+00:00","og_image":[{"width":500,"height":800,"url":"https:\/\/inkbrothercusco.com\/wp-content\/uploads\/2025\/06\/kike.jpg","type":"image\/jpeg"}],"twitter_card":"summary_large_image","twitter_misc":{"Est. reading time":"1 minute"},"schema":{"@context":"https:\/\/schema.org","@graph":[{"@type":"WebPage","@id":"https:\/\/inkbrothercusco.com\/kike-tattoo\/","url":"https:\/\/inkbrothercusco.com\/kike-tattoo\/","name":"Kike Tattoo - Inkbrotherstudio","isPartOf":{"@id":"https:\/\/inkbrothercusco.com\/#website"},"primaryImageOfPage":{"@id":"https:\/\/inkbrothercusco.com\/kike-tattoo\/#primaryimage"},"image":{"@id":"https:\/\/inkbrothercusco.com\/kike-tattoo\/#primaryimage"},"thumbnailUrl":"https:\/\/inkbrothercusco.com\/wp-content\/uploads\/2025\/06\/kike.jpg","datePublished":"2025-05-23T15:53:02+00:00","dateModified":"2025-06-11T17:39:49+00:00","breadcrumb":{"@id":"https:\/\/inkbrothercusco.com\/kike-tattoo\/#breadcrumb"},"inLanguage":"en-US","potentialAction":[{"@type":"ReadAction","target":["https:\/\/inkbrothercusco.com\/kike-tattoo\/"]}]},{"@type":"ImageObject","inLanguage":"en-US","@id":"https:\/\/inkbrothercusco.com\/kike-tattoo\/#primaryimage","url":"https:\/\/inkbrothercusco.com\/wp-content\/uploads\/2025\/06\/kike.jpg","contentUrl":"https:\/\/inkbrothercusco.com\/wp-content\/uploads\/2025\/06\/kike.jpg"},{"@type":"BreadcrumbList","@id":"https:\/\/inkbrothercusco.com\/kike-tattoo\/#breadcrumb","itemListElement":[{"@type":"ListItem","position":1,"name":"Portada","item":"https:\/\/inkbrothercusco.com\/"},{"@type":"ListItem","position":2,"name":"Kike Tattoo"}]},{"@type":"WebSite","@id":"https:\/\/inkbrothercusco.com\/#website","url":"https:\/\/inkbrothercusco.com\/","name":"Inkbrotherstudio","description":"","potentialAction":[{"@type":"SearchAction","target":{"@type":"EntryPoint","urlTemplate":"https:\/\/inkbrothercusco.com\/?s={search_term_string}"},"query-input":{"@type":"PropertyValueSpecification","valueRequired":true,"valueName":"search_term_string"}}],"inLanguage":"en-US"}]}},"_links":{"self":[{"href":"https:\/\/inkbrothercusco.com\/en\/wp-json\/wp\/v2\/pages\/992","targetHints":{"allow":["GET"]}}],"collection":[{"href":"https:\/\/inkbrothercusco.com\/en\/wp-json\/wp\/v2\/pages"}],"about":[{"href":"https:\/\/inkbrothercusco.com\/en\/wp-json\/wp\/v2\/types\/page"}],"author":[{"embeddable":true,"href":"https:\/\/inkbrothercusco.com\/en\/wp-json\/wp\/v2\/users\/1"}],"replies":[{"embeddable":true,"href":"https:\/\/inkbrothercusco.com\/en\/wp-json\/wp\/v2\/comments?post=992"}],"version-history":[{"count":13,"href":"https:\/\/inkbrothercusco.com\/en\/wp-json\/wp\/v2\/pages\/992\/revisions"}],"predecessor-version":[{"id":2024,"href":"https:\/\/inkbrothercusco.com\/en\/wp-json\/wp\/v2\/pages\/992\/revisions\/2024"}],"wp:attachment":[{"href":"https:\/\/inkbrothercusco.com\/en\/wp-json\/wp\/v2\/media?parent=992"}],"curies":[{"name":"wp","href":"https:\/\/api.w.org\/{rel}","templated":true}]}}