{"id":956,"date":"2025-05-23T15:11:50","date_gmt":"2025-05-23T15:11:50","guid":{"rendered":"https:\/\/inkbrothercusco.com\/?page_id=956"},"modified":"2025-05-30T00:29:54","modified_gmt":"2025-05-30T00:29:54","slug":"edward","status":"publish","type":"page","link":"https:\/\/inkbrothercusco.com\/en\/edward\/","title":{"rendered":"Edward"},"content":{"rendered":"<div data-elementor-type=\"wp-page\" data-elementor-id=\"956\" class=\"elementor elementor-956\" data-elementor-post-type=\"page\">\n\t\t\t\t<div class=\"elementor-element elementor-element-18d64502 e-flex e-con-boxed wpr-particle-no wpr-jarallax-no wpr-parallax-no wpr-sticky-section-no wpr-equal-height-no e-con e-parent\" data-id=\"18d64502\" data-element_type=\"container\" data-e-type=\"container\" data-settings=\"{&quot;background_background&quot;:&quot;classic&quot;}\">\n\t\t\t\t\t<div class=\"e-con-inner\">\n\t\t\t\t\t<\/div>\n\t\t\t\t<\/div>\n\t\t<div class=\"elementor-element elementor-element-a732979 e-flex e-con-boxed wpr-particle-no wpr-jarallax-no wpr-parallax-no wpr-sticky-section-no wpr-equal-height-no e-con e-parent\" data-id=\"a732979\" data-element_type=\"container\" data-e-type=\"container\" data-settings=\"{&quot;background_background&quot;:&quot;classic&quot;}\">\n\t\t\t\t\t<div class=\"e-con-inner\">\n\t\t<div class=\"elementor-element elementor-element-715e9f68 e-con-full e-flex wpr-particle-no wpr-jarallax-no wpr-parallax-no wpr-sticky-section-no wpr-equal-height-no e-con e-child\" data-id=\"715e9f68\" data-element_type=\"container\" data-e-type=\"container\">\n\t\t\t\t<div class=\"elementor-element elementor-element-625e3b9e elementor-widget elementor-widget-image\" data-id=\"625e3b9e\" data-element_type=\"widget\" data-e-type=\"widget\" data-widget_type=\"image.default\">\n\t\t\t\t<div class=\"elementor-widget-container\">\n\t\t\t\t\t\t\t\t\t\t\t\t\t\t\t<img fetchpriority=\"high\" decoding=\"async\" width=\"500\" height=\"800\" src=\"https:\/\/inkbrothercusco.com\/wp-content\/uploads\/2025\/05\/edu-tatuador.jpg\" class=\"attachment-large size-large wp-image-959\" alt=\"\" srcset=\"https:\/\/inkbrothercusco.com\/wp-content\/uploads\/2025\/05\/edu-tatuador.jpg 500w, https:\/\/inkbrothercusco.com\/wp-content\/uploads\/2025\/05\/edu-tatuador-188x300.jpg 188w\" sizes=\"(max-width: 500px) 100vw, 500px\" \/>\t\t\t\t\t\t\t\t\t\t\t\t\t\t\t<\/div>\n\t\t\t\t<\/div>\n\t\t\t\t<\/div>\n\t\t<div class=\"elementor-element elementor-element-7789930b e-con-full e-flex wpr-particle-no wpr-jarallax-no wpr-parallax-no wpr-sticky-section-no wpr-equal-height-no e-con e-child\" data-id=\"7789930b\" data-element_type=\"container\" data-e-type=\"container\">\n\t\t\t\t<div class=\"elementor-element elementor-element-458a7052 elementor-widget elementor-widget-heading\" data-id=\"458a7052\" data-element_type=\"widget\" data-e-type=\"widget\" data-widget_type=\"heading.default\">\n\t\t\t\t<div class=\"elementor-widget-container\">\n\t\t\t\t\t<h2 class=\"elementor-heading-title elementor-size-default\">Edward Puma \u201cBLACK\u201d<\/h2>\t\t\t\t<\/div>\n\t\t\t\t<\/div>\n\t\t\t\t<div class=\"elementor-element elementor-element-7bb1d192 elementor-widget-divider--view-line elementor-widget elementor-widget-divider\" data-id=\"7bb1d192\" data-element_type=\"widget\" data-e-type=\"widget\" data-widget_type=\"divider.default\">\n\t\t\t\t<div class=\"elementor-widget-container\">\n\t\t\t\t\t\t\t<div class=\"elementor-divider\">\n\t\t\t<span class=\"elementor-divider-separator\">\n\t\t\t\t\t\t<\/span>\n\t\t<\/div>\n\t\t\t\t\t\t<\/div>\n\t\t\t\t<\/div>\n\t\t\t\t<div class=\"elementor-element elementor-element-380f072e elementor-widget elementor-widget-heading\" data-id=\"380f072e\" data-element_type=\"widget\" data-e-type=\"widget\" data-widget_type=\"heading.default\">\n\t\t\t\t<div class=\"elementor-widget-container\">\n\t\t\t\t\t<h2 class=\"elementor-heading-title elementor-size-default\">Resident Tattoo Artist\n<\/h2>\t\t\t\t<\/div>\n\t\t\t\t<\/div>\n\t\t\t\t<div class=\"elementor-element elementor-element-4db2ad7e elementor-widget elementor-widget-text-editor\" data-id=\"4db2ad7e\" data-element_type=\"widget\" data-e-type=\"widget\" data-widget_type=\"text-editor.default\">\n\t\t\t\t<div class=\"elementor-widget-container\">\n\t\t\t\t\t\t\t\t\t<p data-start=\"154\" data-end=\"421\"><strong data-start=\"154\" data-end=\"421\">I am Edward Puma, known in the tattoo world as BLACK. My style is defined by the strength of the <em data-start=\"256\" data-end=\"267\">blackwork<\/em>, influenced by the aesthetics of metal, the <em data-start=\"312\" data-end=\"329\">dark ornamental<\/em> and the <em data-start=\"335\" data-end=\"345\">blackout<\/em>. Every stroke I make carries a dark, powerful, and symbolic intention.<\/strong><\/p><p data-start=\"423\" data-end=\"655\">I started tattooing in the midst of the 2020 pandemic, after the loss of a very close friend, who introduced me to the art. Since then, tattooing has become a form of expression, a way to honor his memory and transform grief into art.<\/p><p data-start=\"657\" data-end=\"867\">Since October 2024, I am a resident tattoo artist at <strong data-start=\"706\" data-end=\"729\">Ink Brothers Studio,<\/strong>, where I continue to explore and perfect my style, delivering to each client a unique piece, full of visual intensity and meaning.<\/p>\t\t\t\t\t\t\t\t<\/div>\n\t\t\t\t<\/div>\n\t\t\t\t<\/div>\n\t\t\t\t\t<\/div>\n\t\t\t\t<\/div>\n\t\t\t\t<\/div>","protected":false},"excerpt":{"rendered":"<p>Edward Puma \u201cBLACK\u201d Tatuador Residente Soy Edward Puma, conocido en el mundo del tatuaje como BLACK. Mi estilo se define por la fuerza del blackwork, influenciado por la est\u00e9tica del metal, el dark ornamental y el blackout. Cada trazo que realizo lleva una intenci\u00f3n oscura, poderosa y simb\u00f3lica. Comenc\u00e9 a tatuar en plena pandemia de 2020, tras la p\u00e9rdida de un amigo muy cercano, quien me introdujo a este arte. Desde entonces, tatuar se convirti\u00f3 en una forma de expresi\u00f3n, de honrar su memoria y transformar el dolor en arte. Desde octubre de 2024, soy tatuador residente en Ink Brothers Studio, donde sigo explorando y perfeccionando mi estilo, entregando a cada cliente una pieza \u00fanica, cargada de intensidad visual y significado.<\/p>","protected":false},"author":1,"featured_media":0,"parent":0,"menu_order":0,"comment_status":"closed","ping_status":"closed","template":"","meta":{"googlesitekit_rrm_CAowvcPcCw:productID":"","site-sidebar-layout":"no-sidebar","site-content-layout":"","ast-site-content-layout":"full-width-container","site-content-style":"default","site-sidebar-style":"default","ast-global-header-display":"","ast-banner-title-visibility":"","ast-main-header-display":"","ast-hfb-above-header-display":"","ast-hfb-below-header-display":"","ast-hfb-mobile-header-display":"","site-post-title":"disabled","ast-breadcrumbs-content":"","ast-featured-img":"disabled","footer-sml-layout":"","ast-disable-related-posts":"","theme-transparent-header-meta":"","adv-header-id-meta":"","stick-header-meta":"","header-above-stick-meta":"","header-main-stick-meta":"","header-below-stick-meta":"","astra-migrate-meta-layouts":"default","ast-page-background-enabled":"default","ast-page-background-meta":{"desktop":{"background-color":"var(--ast-global-color-5)","background-image":"","background-repeat":"repeat","background-position":"center center","background-size":"auto","background-attachment":"scroll","background-type":"","background-media":"","overlay-type":"","overlay-color":"","overlay-opacity":"","overlay-gradient":""},"tablet":{"background-color":"","background-image":"","background-repeat":"repeat","background-position":"center center","background-size":"auto","background-attachment":"scroll","background-type":"","background-media":"","overlay-type":"","overlay-color":"","overlay-opacity":"","overlay-gradient":""},"mobile":{"background-color":"","background-image":"","background-repeat":"repeat","background-position":"center center","background-size":"auto","background-attachment":"scroll","background-type":"","background-media":"","overlay-type":"","overlay-color":"","overlay-opacity":"","overlay-gradient":""}},"ast-content-background-meta":{"desktop":{"background-color":"var(--ast-global-color-4)","background-image":"","background-repeat":"repeat","background-position":"center center","background-size":"auto","background-attachment":"scroll","background-type":"","background-media":"","overlay-type":"","overlay-color":"","overlay-opacity":"","overlay-gradient":""},"tablet":{"background-color":"var(--ast-global-color-4)","background-image":"","background-repeat":"repeat","background-position":"center center","background-size":"auto","background-attachment":"scroll","background-type":"","background-media":"","overlay-type":"","overlay-color":"","overlay-opacity":"","overlay-gradient":""},"mobile":{"background-color":"var(--ast-global-color-4)","background-image":"","background-repeat":"repeat","background-position":"center center","background-size":"auto","background-attachment":"scroll","background-type":"","background-media":"","overlay-type":"","overlay-color":"","overlay-opacity":"","overlay-gradient":""}},"_joinchat":[],"footnotes":""},"class_list":["post-956","page","type-page","status-publish","hentry"],"yoast_head":"<!-- This site is optimized with the Yoast SEO plugin v27.4 - https:\/\/yoast.com\/product\/yoast-seo-wordpress\/ -->\n<title>Edward - Inkbrotherstudio<\/title>\n<meta name=\"robots\" content=\"index, follow, max-snippet:-1, max-image-preview:large, max-video-preview:-1\" \/>\n<link rel=\"canonical\" href=\"https:\/\/inkbrothercusco.com\/en\/edward\/\" \/>\n<meta property=\"og:locale\" content=\"en_US\" \/>\n<meta property=\"og:type\" content=\"article\" \/>\n<meta property=\"og:title\" content=\"Edward - Inkbrotherstudio\" \/>\n<meta property=\"og:description\" content=\"Edward Puma \u201cBLACK\u201d Tatuador Residente Soy Edward Puma, conocido en el mundo del tatuaje como BLACK. Mi estilo se define por la fuerza del blackwork, influenciado por la est\u00e9tica del metal, el dark ornamental y el blackout. Cada trazo que realizo lleva una intenci\u00f3n oscura, poderosa y simb\u00f3lica. Comenc\u00e9 a tatuar en plena pandemia de 2020, tras la p\u00e9rdida de un amigo muy cercano, quien me introdujo a este arte. Desde entonces, tatuar se convirti\u00f3 en una forma de expresi\u00f3n, de honrar su memoria y transformar el dolor en arte. Desde octubre de 2024, soy tatuador residente en Ink Brothers Studio, donde sigo explorando y perfeccionando mi estilo, entregando a cada cliente una pieza \u00fanica, cargada de intensidad visual y significado.\" \/>\n<meta property=\"og:url\" content=\"https:\/\/inkbrothercusco.com\/en\/edward\/\" \/>\n<meta property=\"og:site_name\" content=\"Inkbrotherstudio\" \/>\n<meta property=\"article:modified_time\" content=\"2025-05-30T00:29:54+00:00\" \/>\n<meta property=\"og:image\" content=\"https:\/\/inkbrothercusco.com\/wp-content\/uploads\/2025\/05\/edu-tatuador.jpg\" \/>\n\t<meta property=\"og:image:width\" content=\"500\" \/>\n\t<meta property=\"og:image:height\" content=\"800\" \/>\n\t<meta property=\"og:image:type\" content=\"image\/jpeg\" \/>\n<meta name=\"twitter:card\" content=\"summary_large_image\" \/>\n<meta name=\"twitter:label1\" content=\"Est. reading time\" \/>\n\t<meta name=\"twitter:data1\" content=\"1 minute\" \/>\n<script type=\"application\/ld+json\" class=\"yoast-schema-graph\">{\"@context\":\"https:\\\/\\\/schema.org\",\"@graph\":[{\"@type\":\"WebPage\",\"@id\":\"https:\\\/\\\/inkbrothercusco.com\\\/edward\\\/\",\"url\":\"https:\\\/\\\/inkbrothercusco.com\\\/edward\\\/\",\"name\":\"Edward - Inkbrotherstudio\",\"isPartOf\":{\"@id\":\"https:\\\/\\\/inkbrothercusco.com\\\/#website\"},\"primaryImageOfPage\":{\"@id\":\"https:\\\/\\\/inkbrothercusco.com\\\/edward\\\/#primaryimage\"},\"image\":{\"@id\":\"https:\\\/\\\/inkbrothercusco.com\\\/edward\\\/#primaryimage\"},\"thumbnailUrl\":\"https:\\\/\\\/inkbrothercusco.com\\\/wp-content\\\/uploads\\\/2025\\\/05\\\/edu-tatuador.jpg\",\"datePublished\":\"2025-05-23T15:11:50+00:00\",\"dateModified\":\"2025-05-30T00:29:54+00:00\",\"breadcrumb\":{\"@id\":\"https:\\\/\\\/inkbrothercusco.com\\\/edward\\\/#breadcrumb\"},\"inLanguage\":\"en-US\",\"potentialAction\":[{\"@type\":\"ReadAction\",\"target\":[\"https:\\\/\\\/inkbrothercusco.com\\\/edward\\\/\"]}]},{\"@type\":\"ImageObject\",\"inLanguage\":\"en-US\",\"@id\":\"https:\\\/\\\/inkbrothercusco.com\\\/edward\\\/#primaryimage\",\"url\":\"https:\\\/\\\/inkbrothercusco.com\\\/wp-content\\\/uploads\\\/2025\\\/05\\\/edu-tatuador.jpg\",\"contentUrl\":\"https:\\\/\\\/inkbrothercusco.com\\\/wp-content\\\/uploads\\\/2025\\\/05\\\/edu-tatuador.jpg\"},{\"@type\":\"BreadcrumbList\",\"@id\":\"https:\\\/\\\/inkbrothercusco.com\\\/edward\\\/#breadcrumb\",\"itemListElement\":[{\"@type\":\"ListItem\",\"position\":1,\"name\":\"Portada\",\"item\":\"https:\\\/\\\/inkbrothercusco.com\\\/\"},{\"@type\":\"ListItem\",\"position\":2,\"name\":\"Edward\"}]},{\"@type\":\"WebSite\",\"@id\":\"https:\\\/\\\/inkbrothercusco.com\\\/#website\",\"url\":\"https:\\\/\\\/inkbrothercusco.com\\\/\",\"name\":\"Inkbrotherstudio\",\"description\":\"\",\"potentialAction\":[{\"@type\":\"SearchAction\",\"target\":{\"@type\":\"EntryPoint\",\"urlTemplate\":\"https:\\\/\\\/inkbrothercusco.com\\\/?s={search_term_string}\"},\"query-input\":{\"@type\":\"PropertyValueSpecification\",\"valueRequired\":true,\"valueName\":\"search_term_string\"}}],\"inLanguage\":\"en-US\"}]}<\/script>\n<!-- \/ Yoast SEO plugin. -->","yoast_head_json":{"title":"Edward - Inkbrotherstudio","robots":{"index":"index","follow":"follow","max-snippet":"max-snippet:-1","max-image-preview":"max-image-preview:large","max-video-preview":"max-video-preview:-1"},"canonical":"https:\/\/inkbrothercusco.com\/en\/edward\/","og_locale":"en_US","og_type":"article","og_title":"Edward - Inkbrotherstudio","og_description":"Edward Puma \u201cBLACK\u201d Tatuador Residente Soy Edward Puma, conocido en el mundo del tatuaje como BLACK. Mi estilo se define por la fuerza del blackwork, influenciado por la est\u00e9tica del metal, el dark ornamental y el blackout. Cada trazo que realizo lleva una intenci\u00f3n oscura, poderosa y simb\u00f3lica. Comenc\u00e9 a tatuar en plena pandemia de 2020, tras la p\u00e9rdida de un amigo muy cercano, quien me introdujo a este arte. Desde entonces, tatuar se convirti\u00f3 en una forma de expresi\u00f3n, de honrar su memoria y transformar el dolor en arte. Desde octubre de 2024, soy tatuador residente en Ink Brothers Studio, donde sigo explorando y perfeccionando mi estilo, entregando a cada cliente una pieza \u00fanica, cargada de intensidad visual y significado.","og_url":"https:\/\/inkbrothercusco.com\/en\/edward\/","og_site_name":"Inkbrotherstudio","article_modified_time":"2025-05-30T00:29:54+00:00","og_image":[{"width":500,"height":800,"url":"https:\/\/inkbrothercusco.com\/wp-content\/uploads\/2025\/05\/edu-tatuador.jpg","type":"image\/jpeg"}],"twitter_card":"summary_large_image","twitter_misc":{"Est. reading time":"1 minute"},"schema":{"@context":"https:\/\/schema.org","@graph":[{"@type":"WebPage","@id":"https:\/\/inkbrothercusco.com\/edward\/","url":"https:\/\/inkbrothercusco.com\/edward\/","name":"Edward - Inkbrotherstudio","isPartOf":{"@id":"https:\/\/inkbrothercusco.com\/#website"},"primaryImageOfPage":{"@id":"https:\/\/inkbrothercusco.com\/edward\/#primaryimage"},"image":{"@id":"https:\/\/inkbrothercusco.com\/edward\/#primaryimage"},"thumbnailUrl":"https:\/\/inkbrothercusco.com\/wp-content\/uploads\/2025\/05\/edu-tatuador.jpg","datePublished":"2025-05-23T15:11:50+00:00","dateModified":"2025-05-30T00:29:54+00:00","breadcrumb":{"@id":"https:\/\/inkbrothercusco.com\/edward\/#breadcrumb"},"inLanguage":"en-US","potentialAction":[{"@type":"ReadAction","target":["https:\/\/inkbrothercusco.com\/edward\/"]}]},{"@type":"ImageObject","inLanguage":"en-US","@id":"https:\/\/inkbrothercusco.com\/edward\/#primaryimage","url":"https:\/\/inkbrothercusco.com\/wp-content\/uploads\/2025\/05\/edu-tatuador.jpg","contentUrl":"https:\/\/inkbrothercusco.com\/wp-content\/uploads\/2025\/05\/edu-tatuador.jpg"},{"@type":"BreadcrumbList","@id":"https:\/\/inkbrothercusco.com\/edward\/#breadcrumb","itemListElement":[{"@type":"ListItem","position":1,"name":"Portada","item":"https:\/\/inkbrothercusco.com\/"},{"@type":"ListItem","position":2,"name":"Edward"}]},{"@type":"WebSite","@id":"https:\/\/inkbrothercusco.com\/#website","url":"https:\/\/inkbrothercusco.com\/","name":"Inkbrotherstudio","description":"","potentialAction":[{"@type":"SearchAction","target":{"@type":"EntryPoint","urlTemplate":"https:\/\/inkbrothercusco.com\/?s={search_term_string}"},"query-input":{"@type":"PropertyValueSpecification","valueRequired":true,"valueName":"search_term_string"}}],"inLanguage":"en-US"}]}},"_links":{"self":[{"href":"https:\/\/inkbrothercusco.com\/en\/wp-json\/wp\/v2\/pages\/956","targetHints":{"allow":["GET"]}}],"collection":[{"href":"https:\/\/inkbrothercusco.com\/en\/wp-json\/wp\/v2\/pages"}],"about":[{"href":"https:\/\/inkbrothercusco.com\/en\/wp-json\/wp\/v2\/types\/page"}],"author":[{"embeddable":true,"href":"https:\/\/inkbrothercusco.com\/en\/wp-json\/wp\/v2\/users\/1"}],"replies":[{"embeddable":true,"href":"https:\/\/inkbrothercusco.com\/en\/wp-json\/wp\/v2\/comments?post=956"}],"version-history":[{"count":13,"href":"https:\/\/inkbrothercusco.com\/en\/wp-json\/wp\/v2\/pages\/956\/revisions"}],"predecessor-version":[{"id":1755,"href":"https:\/\/inkbrothercusco.com\/en\/wp-json\/wp\/v2\/pages\/956\/revisions\/1755"}],"wp:attachment":[{"href":"https:\/\/inkbrothercusco.com\/en\/wp-json\/wp\/v2\/media?parent=956"}],"curies":[{"name":"wp","href":"https:\/\/api.w.org\/{rel}","templated":true}]}}