{"id":938,"date":"2025-05-22T23:56:26","date_gmt":"2025-05-22T23:56:26","guid":{"rendered":"https:\/\/inkbrothercusco.com\/?page_id=938"},"modified":"2025-06-11T17:37:46","modified_gmt":"2025-06-11T17:37:46","slug":"jorge-scott","status":"publish","type":"page","link":"https:\/\/inkbrothercusco.com\/en\/jorge-scott\/","title":{"rendered":"Jorge Scott"},"content":{"rendered":"<div data-elementor-type=\"wp-page\" data-elementor-id=\"938\" class=\"elementor elementor-938\" data-elementor-post-type=\"page\">\n\t\t\t\t<div class=\"elementor-element elementor-element-beb9904 e-flex e-con-boxed wpr-particle-no wpr-jarallax-no wpr-parallax-no wpr-sticky-section-no wpr-equal-height-no e-con e-parent\" data-id=\"beb9904\" data-element_type=\"container\" data-e-type=\"container\" data-settings=\"{&quot;background_background&quot;:&quot;classic&quot;}\">\n\t\t\t\t\t<div class=\"e-con-inner\">\n\t\t\t\t\t<\/div>\n\t\t\t\t<\/div>\n\t\t<div class=\"elementor-element elementor-element-982e35d e-flex e-con-boxed wpr-particle-no wpr-jarallax-no wpr-parallax-no wpr-sticky-section-no wpr-equal-height-no e-con e-parent\" data-id=\"982e35d\" data-element_type=\"container\" data-e-type=\"container\" data-settings=\"{&quot;background_background&quot;:&quot;classic&quot;}\">\n\t\t\t\t\t<div class=\"e-con-inner\">\n\t\t<div class=\"elementor-element elementor-element-805a905 e-con-full e-flex wpr-particle-no wpr-jarallax-no wpr-parallax-no wpr-sticky-section-no wpr-equal-height-no e-con e-child\" data-id=\"805a905\" data-element_type=\"container\" data-e-type=\"container\">\n\t\t\t\t<div class=\"elementor-element elementor-element-ba16c14 elementor-widget elementor-widget-image\" data-id=\"ba16c14\" data-element_type=\"widget\" data-e-type=\"widget\" data-widget_type=\"image.default\">\n\t\t\t\t<div class=\"elementor-widget-container\">\n\t\t\t\t\t\t\t\t\t\t\t\t\t\t\t<img fetchpriority=\"high\" decoding=\"async\" width=\"500\" height=\"800\" src=\"https:\/\/inkbrothercusco.com\/wp-content\/uploads\/2025\/06\/JORGE-SCOTT.jpg\" class=\"attachment-large size-large wp-image-1956\" alt=\"\" srcset=\"https:\/\/inkbrothercusco.com\/wp-content\/uploads\/2025\/06\/JORGE-SCOTT.jpg 500w, https:\/\/inkbrothercusco.com\/wp-content\/uploads\/2025\/06\/JORGE-SCOTT-188x300.jpg 188w, https:\/\/inkbrothercusco.com\/wp-content\/uploads\/2025\/06\/JORGE-SCOTT-8x12.jpg 8w\" sizes=\"(max-width: 500px) 100vw, 500px\" \/>\t\t\t\t\t\t\t\t\t\t\t\t\t\t\t<\/div>\n\t\t\t\t<\/div>\n\t\t\t\t<\/div>\n\t\t<div class=\"elementor-element elementor-element-89e1896 e-con-full e-flex wpr-particle-no wpr-jarallax-no wpr-parallax-no wpr-sticky-section-no wpr-equal-height-no e-con e-child\" data-id=\"89e1896\" data-element_type=\"container\" data-e-type=\"container\">\n\t\t\t\t<div class=\"elementor-element elementor-element-38acd25 elementor-widget elementor-widget-heading\" data-id=\"38acd25\" data-element_type=\"widget\" data-e-type=\"widget\" data-widget_type=\"heading.default\">\n\t\t\t\t<div class=\"elementor-widget-container\">\n\t\t\t\t\t<h2 class=\"elementor-heading-title elementor-size-default\">JORGE SCOTT \n<\/h2>\t\t\t\t<\/div>\n\t\t\t\t<\/div>\n\t\t\t\t<div class=\"elementor-element elementor-element-b77d881 elementor-widget-divider--view-line elementor-widget elementor-widget-divider\" data-id=\"b77d881\" data-element_type=\"widget\" data-e-type=\"widget\" data-widget_type=\"divider.default\">\n\t\t\t\t<div class=\"elementor-widget-container\">\n\t\t\t\t\t\t\t<div class=\"elementor-divider\">\n\t\t\t<span class=\"elementor-divider-separator\">\n\t\t\t\t\t\t<\/span>\n\t\t<\/div>\n\t\t\t\t\t\t<\/div>\n\t\t\t\t<\/div>\n\t\t\t\t<div class=\"elementor-element elementor-element-508e289 elementor-widget elementor-widget-heading\" data-id=\"508e289\" data-element_type=\"widget\" data-e-type=\"widget\" data-widget_type=\"heading.default\">\n\t\t\t\t<div class=\"elementor-widget-container\">\n\t\t\t\t\t<h2 class=\"elementor-heading-title elementor-size-default\">Founder of Ink Brothers<\/h2>\t\t\t\t<\/div>\n\t\t\t\t<\/div>\n\t\t\t\t<div class=\"elementor-element elementor-element-cc639c4 elementor-widget elementor-widget-text-editor\" data-id=\"cc639c4\" data-element_type=\"widget\" data-e-type=\"widget\" data-widget_type=\"text-editor.default\">\n\t\t\t\t<div class=\"elementor-widget-container\">\n\t\t\t\t\t\t\t\t\t<p><strong data-start=\"74\" data-end=\"219\" style=\"font-style: inherit;\">I'm a tattoo artist with over five years of experience. Although I work in all styles, my favorites are blackwork, fine line, realism, and color.<\/strong><br><\/p>\n<p data-start=\"221\" data-end=\"353\">Art is part of my family history. Tattooing gave me the tools to grow, find my path, and create with purpose.<\/p>\n<p data-start=\"355\" data-end=\"592\">Today I work in Cusco, with the vision of bringing Ink Brothers to many more places. What began as <em data-start=\"454\" data-end=\"475\">The Brothers Studio<\/em> evolved to <em data-start=\"489\" data-end=\"503\">Ink Brothers<\/em>, because I always believed that art unites, and here we are all one family: ink brothers.<\/p>\t\t\t\t\t\t\t\t<\/div>\n\t\t\t\t<\/div>\n\t\t\t\t<\/div>\n\t\t\t\t\t<\/div>\n\t\t\t\t<\/div>\n\t\t\t\t<\/div>","protected":false},"excerpt":{"rendered":"<p>JORGE SCOTT Fundador de Ink Brothers Soy tatuador con m\u00e1s de 5 a\u00f1os de experiencia. Aunque trabajo todos los estilos, mis favoritos son el blackwork, fine line, realismo y color. El arte es parte de mi historia familiar. El tatuaje me dio las herramientas para crecer, encontrar mi camino y crear con prop\u00f3sito. Hoy trabajo en Cusco, con la visi\u00f3n de llevar Ink Brothers a muchos lugares m\u00e1s. Lo que naci\u00f3 como The Brothers Studio evolucion\u00f3 a Ink Brothers, porque siempre cre\u00ed que el arte une, y aqu\u00ed todos somos una familia: hermanos de tinta.<\/p>","protected":false},"author":1,"featured_media":0,"parent":0,"menu_order":0,"comment_status":"closed","ping_status":"closed","template":"","meta":{"googlesitekit_rrm_CAowvcPcCw:productID":"","site-sidebar-layout":"no-sidebar","site-content-layout":"","ast-site-content-layout":"full-width-container","site-content-style":"default","site-sidebar-style":"default","ast-global-header-display":"","ast-banner-title-visibility":"","ast-main-header-display":"","ast-hfb-above-header-display":"","ast-hfb-below-header-display":"","ast-hfb-mobile-header-display":"","site-post-title":"disabled","ast-breadcrumbs-content":"","ast-featured-img":"disabled","footer-sml-layout":"","ast-disable-related-posts":"","theme-transparent-header-meta":"","adv-header-id-meta":"","stick-header-meta":"","header-above-stick-meta":"","header-main-stick-meta":"","header-below-stick-meta":"","astra-migrate-meta-layouts":"default","ast-page-background-enabled":"default","ast-page-background-meta":{"desktop":{"background-color":"var(--ast-global-color-5)","background-image":"","background-repeat":"repeat","background-position":"center center","background-size":"auto","background-attachment":"scroll","background-type":"","background-media":"","overlay-type":"","overlay-color":"","overlay-opacity":"","overlay-gradient":""},"tablet":{"background-color":"","background-image":"","background-repeat":"repeat","background-position":"center center","background-size":"auto","background-attachment":"scroll","background-type":"","background-media":"","overlay-type":"","overlay-color":"","overlay-opacity":"","overlay-gradient":""},"mobile":{"background-color":"","background-image":"","background-repeat":"repeat","background-position":"center center","background-size":"auto","background-attachment":"scroll","background-type":"","background-media":"","overlay-type":"","overlay-color":"","overlay-opacity":"","overlay-gradient":""}},"ast-content-background-meta":{"desktop":{"background-color":"var(--ast-global-color-4)","background-image":"","background-repeat":"repeat","background-position":"center center","background-size":"auto","background-attachment":"scroll","background-type":"","background-media":"","overlay-type":"","overlay-color":"","overlay-opacity":"","overlay-gradient":""},"tablet":{"background-color":"var(--ast-global-color-4)","background-image":"","background-repeat":"repeat","background-position":"center center","background-size":"auto","background-attachment":"scroll","background-type":"","background-media":"","overlay-type":"","overlay-color":"","overlay-opacity":"","overlay-gradient":""},"mobile":{"background-color":"var(--ast-global-color-4)","background-image":"","background-repeat":"repeat","background-position":"center center","background-size":"auto","background-attachment":"scroll","background-type":"","background-media":"","overlay-type":"","overlay-color":"","overlay-opacity":"","overlay-gradient":""}},"_joinchat":[],"footnotes":""},"class_list":["post-938","page","type-page","status-publish","hentry"],"yoast_head":"<!-- This site is optimized with the Yoast SEO plugin v27.4 - https:\/\/yoast.com\/product\/yoast-seo-wordpress\/ -->\n<title>Jorge Scott - Inkbrotherstudio<\/title>\n<meta name=\"robots\" content=\"index, follow, max-snippet:-1, max-image-preview:large, max-video-preview:-1\" \/>\n<link rel=\"canonical\" href=\"https:\/\/inkbrothercusco.com\/en\/jorge-scott\/\" \/>\n<meta property=\"og:locale\" content=\"en_US\" \/>\n<meta property=\"og:type\" content=\"article\" \/>\n<meta property=\"og:title\" content=\"Jorge Scott - Inkbrotherstudio\" \/>\n<meta property=\"og:description\" content=\"JORGE SCOTT Fundador de Ink Brothers Soy tatuador con m\u00e1s de 5 a\u00f1os de experiencia. Aunque trabajo todos los estilos, mis favoritos son el blackwork, fine line, realismo y color. El arte es parte de mi historia familiar. El tatuaje me dio las herramientas para crecer, encontrar mi camino y crear con prop\u00f3sito. Hoy trabajo en Cusco, con la visi\u00f3n de llevar Ink Brothers a muchos lugares m\u00e1s. Lo que naci\u00f3 como The Brothers Studio evolucion\u00f3 a Ink Brothers, porque siempre cre\u00ed que el arte une, y aqu\u00ed todos somos una familia: hermanos de tinta.\" \/>\n<meta property=\"og:url\" content=\"https:\/\/inkbrothercusco.com\/en\/jorge-scott\/\" \/>\n<meta property=\"og:site_name\" content=\"Inkbrotherstudio\" \/>\n<meta property=\"article:modified_time\" content=\"2025-06-11T17:37:46+00:00\" \/>\n<meta property=\"og:image\" content=\"https:\/\/inkbrothercusco.com\/wp-content\/uploads\/2025\/06\/JORGE-SCOTT.jpg\" \/>\n\t<meta property=\"og:image:width\" content=\"500\" \/>\n\t<meta property=\"og:image:height\" content=\"800\" \/>\n\t<meta property=\"og:image:type\" content=\"image\/jpeg\" \/>\n<meta name=\"twitter:card\" content=\"summary_large_image\" \/>\n<meta name=\"twitter:label1\" content=\"Est. reading time\" \/>\n\t<meta name=\"twitter:data1\" content=\"1 minute\" \/>\n<script type=\"application\/ld+json\" class=\"yoast-schema-graph\">{\"@context\":\"https:\\\/\\\/schema.org\",\"@graph\":[{\"@type\":\"WebPage\",\"@id\":\"https:\\\/\\\/inkbrothercusco.com\\\/jorge-scott\\\/\",\"url\":\"https:\\\/\\\/inkbrothercusco.com\\\/jorge-scott\\\/\",\"name\":\"Jorge Scott - Inkbrotherstudio\",\"isPartOf\":{\"@id\":\"https:\\\/\\\/inkbrothercusco.com\\\/#website\"},\"primaryImageOfPage\":{\"@id\":\"https:\\\/\\\/inkbrothercusco.com\\\/jorge-scott\\\/#primaryimage\"},\"image\":{\"@id\":\"https:\\\/\\\/inkbrothercusco.com\\\/jorge-scott\\\/#primaryimage\"},\"thumbnailUrl\":\"https:\\\/\\\/inkbrothercusco.com\\\/wp-content\\\/uploads\\\/2025\\\/06\\\/JORGE-SCOTT.jpg\",\"datePublished\":\"2025-05-22T23:56:26+00:00\",\"dateModified\":\"2025-06-11T17:37:46+00:00\",\"breadcrumb\":{\"@id\":\"https:\\\/\\\/inkbrothercusco.com\\\/jorge-scott\\\/#breadcrumb\"},\"inLanguage\":\"en-US\",\"potentialAction\":[{\"@type\":\"ReadAction\",\"target\":[\"https:\\\/\\\/inkbrothercusco.com\\\/jorge-scott\\\/\"]}]},{\"@type\":\"ImageObject\",\"inLanguage\":\"en-US\",\"@id\":\"https:\\\/\\\/inkbrothercusco.com\\\/jorge-scott\\\/#primaryimage\",\"url\":\"https:\\\/\\\/inkbrothercusco.com\\\/wp-content\\\/uploads\\\/2025\\\/06\\\/JORGE-SCOTT.jpg\",\"contentUrl\":\"https:\\\/\\\/inkbrothercusco.com\\\/wp-content\\\/uploads\\\/2025\\\/06\\\/JORGE-SCOTT.jpg\"},{\"@type\":\"BreadcrumbList\",\"@id\":\"https:\\\/\\\/inkbrothercusco.com\\\/jorge-scott\\\/#breadcrumb\",\"itemListElement\":[{\"@type\":\"ListItem\",\"position\":1,\"name\":\"Portada\",\"item\":\"https:\\\/\\\/inkbrothercusco.com\\\/\"},{\"@type\":\"ListItem\",\"position\":2,\"name\":\"Jorge Scott\"}]},{\"@type\":\"WebSite\",\"@id\":\"https:\\\/\\\/inkbrothercusco.com\\\/#website\",\"url\":\"https:\\\/\\\/inkbrothercusco.com\\\/\",\"name\":\"Inkbrotherstudio\",\"description\":\"\",\"potentialAction\":[{\"@type\":\"SearchAction\",\"target\":{\"@type\":\"EntryPoint\",\"urlTemplate\":\"https:\\\/\\\/inkbrothercusco.com\\\/?s={search_term_string}\"},\"query-input\":{\"@type\":\"PropertyValueSpecification\",\"valueRequired\":true,\"valueName\":\"search_term_string\"}}],\"inLanguage\":\"en-US\"}]}<\/script>\n<!-- \/ Yoast SEO plugin. -->","yoast_head_json":{"title":"Jorge Scott - Inkbrotherstudio","robots":{"index":"index","follow":"follow","max-snippet":"max-snippet:-1","max-image-preview":"max-image-preview:large","max-video-preview":"max-video-preview:-1"},"canonical":"https:\/\/inkbrothercusco.com\/en\/jorge-scott\/","og_locale":"en_US","og_type":"article","og_title":"Jorge Scott - Inkbrotherstudio","og_description":"JORGE SCOTT Fundador de Ink Brothers Soy tatuador con m\u00e1s de 5 a\u00f1os de experiencia. Aunque trabajo todos los estilos, mis favoritos son el blackwork, fine line, realismo y color. El arte es parte de mi historia familiar. El tatuaje me dio las herramientas para crecer, encontrar mi camino y crear con prop\u00f3sito. Hoy trabajo en Cusco, con la visi\u00f3n de llevar Ink Brothers a muchos lugares m\u00e1s. Lo que naci\u00f3 como The Brothers Studio evolucion\u00f3 a Ink Brothers, porque siempre cre\u00ed que el arte une, y aqu\u00ed todos somos una familia: hermanos de tinta.","og_url":"https:\/\/inkbrothercusco.com\/en\/jorge-scott\/","og_site_name":"Inkbrotherstudio","article_modified_time":"2025-06-11T17:37:46+00:00","og_image":[{"width":500,"height":800,"url":"https:\/\/inkbrothercusco.com\/wp-content\/uploads\/2025\/06\/JORGE-SCOTT.jpg","type":"image\/jpeg"}],"twitter_card":"summary_large_image","twitter_misc":{"Est. reading time":"1 minute"},"schema":{"@context":"https:\/\/schema.org","@graph":[{"@type":"WebPage","@id":"https:\/\/inkbrothercusco.com\/jorge-scott\/","url":"https:\/\/inkbrothercusco.com\/jorge-scott\/","name":"Jorge Scott - Inkbrotherstudio","isPartOf":{"@id":"https:\/\/inkbrothercusco.com\/#website"},"primaryImageOfPage":{"@id":"https:\/\/inkbrothercusco.com\/jorge-scott\/#primaryimage"},"image":{"@id":"https:\/\/inkbrothercusco.com\/jorge-scott\/#primaryimage"},"thumbnailUrl":"https:\/\/inkbrothercusco.com\/wp-content\/uploads\/2025\/06\/JORGE-SCOTT.jpg","datePublished":"2025-05-22T23:56:26+00:00","dateModified":"2025-06-11T17:37:46+00:00","breadcrumb":{"@id":"https:\/\/inkbrothercusco.com\/jorge-scott\/#breadcrumb"},"inLanguage":"en-US","potentialAction":[{"@type":"ReadAction","target":["https:\/\/inkbrothercusco.com\/jorge-scott\/"]}]},{"@type":"ImageObject","inLanguage":"en-US","@id":"https:\/\/inkbrothercusco.com\/jorge-scott\/#primaryimage","url":"https:\/\/inkbrothercusco.com\/wp-content\/uploads\/2025\/06\/JORGE-SCOTT.jpg","contentUrl":"https:\/\/inkbrothercusco.com\/wp-content\/uploads\/2025\/06\/JORGE-SCOTT.jpg"},{"@type":"BreadcrumbList","@id":"https:\/\/inkbrothercusco.com\/jorge-scott\/#breadcrumb","itemListElement":[{"@type":"ListItem","position":1,"name":"Portada","item":"https:\/\/inkbrothercusco.com\/"},{"@type":"ListItem","position":2,"name":"Jorge Scott"}]},{"@type":"WebSite","@id":"https:\/\/inkbrothercusco.com\/#website","url":"https:\/\/inkbrothercusco.com\/","name":"Inkbrotherstudio","description":"","potentialAction":[{"@type":"SearchAction","target":{"@type":"EntryPoint","urlTemplate":"https:\/\/inkbrothercusco.com\/?s={search_term_string}"},"query-input":{"@type":"PropertyValueSpecification","valueRequired":true,"valueName":"search_term_string"}}],"inLanguage":"en-US"}]}},"_links":{"self":[{"href":"https:\/\/inkbrothercusco.com\/en\/wp-json\/wp\/v2\/pages\/938","targetHints":{"allow":["GET"]}}],"collection":[{"href":"https:\/\/inkbrothercusco.com\/en\/wp-json\/wp\/v2\/pages"}],"about":[{"href":"https:\/\/inkbrothercusco.com\/en\/wp-json\/wp\/v2\/types\/page"}],"author":[{"embeddable":true,"href":"https:\/\/inkbrothercusco.com\/en\/wp-json\/wp\/v2\/users\/1"}],"replies":[{"embeddable":true,"href":"https:\/\/inkbrothercusco.com\/en\/wp-json\/wp\/v2\/comments?post=938"}],"version-history":[{"count":22,"href":"https:\/\/inkbrothercusco.com\/en\/wp-json\/wp\/v2\/pages\/938\/revisions"}],"predecessor-version":[{"id":2018,"href":"https:\/\/inkbrothercusco.com\/en\/wp-json\/wp\/v2\/pages\/938\/revisions\/2018"}],"wp:attachment":[{"href":"https:\/\/inkbrothercusco.com\/en\/wp-json\/wp\/v2\/media?parent=938"}],"curies":[{"name":"wp","href":"https:\/\/api.w.org\/{rel}","templated":true}]}}