{"id":1004,"date":"2025-05-23T15:58:04","date_gmt":"2025-05-23T15:58:04","guid":{"rendered":"https:\/\/inkbrothercusco.com\/?page_id=1004"},"modified":"2025-06-11T17:40:41","modified_gmt":"2025-06-11T17:40:41","slug":"jose","status":"publish","type":"page","link":"https:\/\/inkbrothercusco.com\/en\/jose\/","title":{"rendered":"Jose"},"content":{"rendered":"<div data-elementor-type=\"wp-page\" data-elementor-id=\"1004\" class=\"elementor elementor-1004\" data-elementor-post-type=\"page\">\n\t\t\t\t<div class=\"elementor-element elementor-element-5148dada e-flex e-con-boxed wpr-particle-no wpr-jarallax-no wpr-parallax-no wpr-sticky-section-no wpr-equal-height-no e-con e-parent\" data-id=\"5148dada\" data-element_type=\"container\" data-e-type=\"container\" data-settings=\"{&quot;background_background&quot;:&quot;classic&quot;}\">\n\t\t\t\t\t<div class=\"e-con-inner\">\n\t\t\t\t\t<\/div>\n\t\t\t\t<\/div>\n\t\t<div class=\"elementor-element elementor-element-5898e37e e-flex e-con-boxed wpr-particle-no wpr-jarallax-no wpr-parallax-no wpr-sticky-section-no wpr-equal-height-no e-con e-parent\" data-id=\"5898e37e\" data-element_type=\"container\" data-e-type=\"container\" data-settings=\"{&quot;background_background&quot;:&quot;classic&quot;}\">\n\t\t\t\t\t<div class=\"e-con-inner\">\n\t\t<div class=\"elementor-element elementor-element-4c0b12c7 e-con-full e-flex wpr-particle-no wpr-jarallax-no wpr-parallax-no wpr-sticky-section-no wpr-equal-height-no e-con e-child\" data-id=\"4c0b12c7\" data-element_type=\"container\" data-e-type=\"container\">\n\t\t\t\t<div class=\"elementor-element elementor-element-7e7ebbdc elementor-widget elementor-widget-image\" data-id=\"7e7ebbdc\" data-element_type=\"widget\" data-e-type=\"widget\" data-widget_type=\"image.default\">\n\t\t\t\t<div class=\"elementor-widget-container\">\n\t\t\t\t\t\t\t\t\t\t\t\t\t\t\t<img fetchpriority=\"high\" decoding=\"async\" width=\"500\" height=\"800\" src=\"https:\/\/inkbrothercusco.com\/wp-content\/uploads\/2025\/06\/jose.jpg\" class=\"attachment-large size-large wp-image-1961\" alt=\"\" srcset=\"https:\/\/inkbrothercusco.com\/wp-content\/uploads\/2025\/06\/jose.jpg 500w, https:\/\/inkbrothercusco.com\/wp-content\/uploads\/2025\/06\/jose-188x300.jpg 188w, https:\/\/inkbrothercusco.com\/wp-content\/uploads\/2025\/06\/jose-8x12.jpg 8w\" sizes=\"(max-width: 500px) 100vw, 500px\" \/>\t\t\t\t\t\t\t\t\t\t\t\t\t\t\t<\/div>\n\t\t\t\t<\/div>\n\t\t\t\t<\/div>\n\t\t<div class=\"elementor-element elementor-element-8fcc8d8 e-con-full e-flex wpr-particle-no wpr-jarallax-no wpr-parallax-no wpr-sticky-section-no wpr-equal-height-no e-con e-child\" data-id=\"8fcc8d8\" data-element_type=\"container\" data-e-type=\"container\">\n\t\t\t\t<div class=\"elementor-element elementor-element-1a1a9673 elementor-widget elementor-widget-heading\" data-id=\"1a1a9673\" data-element_type=\"widget\" data-e-type=\"widget\" data-widget_type=\"heading.default\">\n\t\t\t\t<div class=\"elementor-widget-container\">\n\t\t\t\t\t<h2 class=\"elementor-heading-title elementor-size-default\">JOS\u00c9<\/h2>\t\t\t\t<\/div>\n\t\t\t\t<\/div>\n\t\t\t\t<div class=\"elementor-element elementor-element-56b8bef7 elementor-widget-divider--view-line elementor-widget elementor-widget-divider\" data-id=\"56b8bef7\" data-element_type=\"widget\" data-e-type=\"widget\" data-widget_type=\"divider.default\">\n\t\t\t\t<div class=\"elementor-widget-container\">\n\t\t\t\t\t\t\t<div class=\"elementor-divider\">\n\t\t\t<span class=\"elementor-divider-separator\">\n\t\t\t\t\t\t<\/span>\n\t\t<\/div>\n\t\t\t\t\t\t<\/div>\n\t\t\t\t<\/div>\n\t\t\t\t<div class=\"elementor-element elementor-element-314b2c1f elementor-widget elementor-widget-heading\" data-id=\"314b2c1f\" data-element_type=\"widget\" data-e-type=\"widget\" data-widget_type=\"heading.default\">\n\t\t\t\t<div class=\"elementor-widget-container\">\n\t\t\t\t\t<h2 class=\"elementor-heading-title elementor-size-default\">Wayfer Tattoo<\/h2>\t\t\t\t<\/div>\n\t\t\t\t<\/div>\n\t\t\t\t<div class=\"elementor-element elementor-element-4f1978cc elementor-widget elementor-widget-text-editor\" data-id=\"4f1978cc\" data-element_type=\"widget\" data-e-type=\"widget\" data-widget_type=\"text-editor.default\">\n\t\t\t\t<div class=\"elementor-widget-container\">\n\t\t\t\t\t\t\t\t\t<p><strong style=\"font-size: 16px;\" data-start=\"154\" data-end=\"347\">I'm Jose, known as Wayfer Tattoo, an emerging artist specializing in <em data-start=\"233\" data-end=\"244\">blackwork<\/em> and realism. I left my professional career behind to pursue a deeper calling: body art.<\/strong><\/p><p data-start=\"349\" data-end=\"560\">It all started with a small, homemade machine I made with my own hands, never imagining that this first step would lead me to live my dream. Today, thanks to <strong data-start=\"510\" data-end=\"526\">Ink Brothers<\/strong>, that dream is beginning to take shape.<\/p><p data-start=\"562\" data-end=\"715\">I still have a long way to go, but every stroke, every design, and every tattooed story brings me closer to what I want to be: an artist who leaves a mark.<\/p>\t\t\t\t\t\t\t\t<\/div>\n\t\t\t\t<\/div>\n\t\t\t\t<\/div>\n\t\t\t\t\t<\/div>\n\t\t\t\t<\/div>\n\t\t\t\t<\/div>","protected":false},"excerpt":{"rendered":"<p>JOS\u00c9 Wayfer Tattoo Soy Jos\u00e9, conocido como Wayfer Tattoo, un artista emergente especializado en blackwork y realismo. Dej\u00e9 atr\u00e1s mi carrera profesional para seguir un llamado m\u00e1s profundo: el arte corporal. Todo comenz\u00f3 con una peque\u00f1a m\u00e1quina artesanal que fabriqu\u00e9 con mis propias manos, sin imaginar que ese primer paso me llevar\u00eda a vivir mi sue\u00f1o. Hoy, gracias a Ink Brothers, ese sue\u00f1o empieza a tomar forma. A\u00fan tengo mucho camino por recorrer, pero cada trazo, cada dise\u00f1o y cada historia tatuada me acercan m\u00e1s a lo que quiero ser: un artista que deja huella.<\/p>","protected":false},"author":1,"featured_media":0,"parent":0,"menu_order":0,"comment_status":"closed","ping_status":"closed","template":"","meta":{"googlesitekit_rrm_CAowvcPcCw:productID":"","site-sidebar-layout":"no-sidebar","site-content-layout":"","ast-site-content-layout":"full-width-container","site-content-style":"default","site-sidebar-style":"default","ast-global-header-display":"","ast-banner-title-visibility":"","ast-main-header-display":"","ast-hfb-above-header-display":"","ast-hfb-below-header-display":"","ast-hfb-mobile-header-display":"","site-post-title":"disabled","ast-breadcrumbs-content":"","ast-featured-img":"disabled","footer-sml-layout":"","ast-disable-related-posts":"","theme-transparent-header-meta":"","adv-header-id-meta":"","stick-header-meta":"","header-above-stick-meta":"","header-main-stick-meta":"","header-below-stick-meta":"","astra-migrate-meta-layouts":"default","ast-page-background-enabled":"default","ast-page-background-meta":{"desktop":{"background-color":"var(--ast-global-color-5)","background-image":"","background-repeat":"repeat","background-position":"center center","background-size":"auto","background-attachment":"scroll","background-type":"","background-media":"","overlay-type":"","overlay-color":"","overlay-opacity":"","overlay-gradient":""},"tablet":{"background-color":"","background-image":"","background-repeat":"repeat","background-position":"center center","background-size":"auto","background-attachment":"scroll","background-type":"","background-media":"","overlay-type":"","overlay-color":"","overlay-opacity":"","overlay-gradient":""},"mobile":{"background-color":"","background-image":"","background-repeat":"repeat","background-position":"center center","background-size":"auto","background-attachment":"scroll","background-type":"","background-media":"","overlay-type":"","overlay-color":"","overlay-opacity":"","overlay-gradient":""}},"ast-content-background-meta":{"desktop":{"background-color":"var(--ast-global-color-4)","background-image":"","background-repeat":"repeat","background-position":"center center","background-size":"auto","background-attachment":"scroll","background-type":"","background-media":"","overlay-type":"","overlay-color":"","overlay-opacity":"","overlay-gradient":""},"tablet":{"background-color":"var(--ast-global-color-4)","background-image":"","background-repeat":"repeat","background-position":"center center","background-size":"auto","background-attachment":"scroll","background-type":"","background-media":"","overlay-type":"","overlay-color":"","overlay-opacity":"","overlay-gradient":""},"mobile":{"background-color":"var(--ast-global-color-4)","background-image":"","background-repeat":"repeat","background-position":"center center","background-size":"auto","background-attachment":"scroll","background-type":"","background-media":"","overlay-type":"","overlay-color":"","overlay-opacity":"","overlay-gradient":""}},"_joinchat":[],"footnotes":""},"class_list":["post-1004","page","type-page","status-publish","hentry"],"yoast_head":"<!-- This site is optimized with the Yoast SEO plugin v27.4 - https:\/\/yoast.com\/product\/yoast-seo-wordpress\/ -->\n<title>Jose - Inkbrotherstudio<\/title>\n<meta name=\"robots\" content=\"index, follow, max-snippet:-1, max-image-preview:large, max-video-preview:-1\" \/>\n<link rel=\"canonical\" href=\"https:\/\/inkbrothercusco.com\/en\/jose\/\" \/>\n<meta property=\"og:locale\" content=\"en_US\" \/>\n<meta property=\"og:type\" content=\"article\" \/>\n<meta property=\"og:title\" content=\"Jose - Inkbrotherstudio\" \/>\n<meta property=\"og:description\" content=\"JOS\u00c9 Wayfer Tattoo Soy Jos\u00e9, conocido como Wayfer Tattoo, un artista emergente especializado en blackwork y realismo. Dej\u00e9 atr\u00e1s mi carrera profesional para seguir un llamado m\u00e1s profundo: el arte corporal. Todo comenz\u00f3 con una peque\u00f1a m\u00e1quina artesanal que fabriqu\u00e9 con mis propias manos, sin imaginar que ese primer paso me llevar\u00eda a vivir mi sue\u00f1o. Hoy, gracias a Ink Brothers, ese sue\u00f1o empieza a tomar forma. A\u00fan tengo mucho camino por recorrer, pero cada trazo, cada dise\u00f1o y cada historia tatuada me acercan m\u00e1s a lo que quiero ser: un artista que deja huella.\" \/>\n<meta property=\"og:url\" content=\"https:\/\/inkbrothercusco.com\/en\/jose\/\" \/>\n<meta property=\"og:site_name\" content=\"Inkbrotherstudio\" \/>\n<meta property=\"article:modified_time\" content=\"2025-06-11T17:40:41+00:00\" \/>\n<meta property=\"og:image\" content=\"https:\/\/inkbrothercusco.com\/wp-content\/uploads\/2025\/06\/jose.jpg\" \/>\n\t<meta property=\"og:image:width\" content=\"500\" \/>\n\t<meta property=\"og:image:height\" content=\"800\" \/>\n\t<meta property=\"og:image:type\" content=\"image\/jpeg\" \/>\n<meta name=\"twitter:card\" content=\"summary_large_image\" \/>\n<meta name=\"twitter:label1\" content=\"Est. reading time\" \/>\n\t<meta name=\"twitter:data1\" content=\"1 minute\" \/>\n<script type=\"application\/ld+json\" class=\"yoast-schema-graph\">{\"@context\":\"https:\\\/\\\/schema.org\",\"@graph\":[{\"@type\":\"WebPage\",\"@id\":\"https:\\\/\\\/inkbrothercusco.com\\\/jose\\\/\",\"url\":\"https:\\\/\\\/inkbrothercusco.com\\\/jose\\\/\",\"name\":\"Jose - Inkbrotherstudio\",\"isPartOf\":{\"@id\":\"https:\\\/\\\/inkbrothercusco.com\\\/#website\"},\"primaryImageOfPage\":{\"@id\":\"https:\\\/\\\/inkbrothercusco.com\\\/jose\\\/#primaryimage\"},\"image\":{\"@id\":\"https:\\\/\\\/inkbrothercusco.com\\\/jose\\\/#primaryimage\"},\"thumbnailUrl\":\"https:\\\/\\\/inkbrothercusco.com\\\/wp-content\\\/uploads\\\/2025\\\/06\\\/jose.jpg\",\"datePublished\":\"2025-05-23T15:58:04+00:00\",\"dateModified\":\"2025-06-11T17:40:41+00:00\",\"breadcrumb\":{\"@id\":\"https:\\\/\\\/inkbrothercusco.com\\\/jose\\\/#breadcrumb\"},\"inLanguage\":\"en-US\",\"potentialAction\":[{\"@type\":\"ReadAction\",\"target\":[\"https:\\\/\\\/inkbrothercusco.com\\\/jose\\\/\"]}]},{\"@type\":\"ImageObject\",\"inLanguage\":\"en-US\",\"@id\":\"https:\\\/\\\/inkbrothercusco.com\\\/jose\\\/#primaryimage\",\"url\":\"https:\\\/\\\/inkbrothercusco.com\\\/wp-content\\\/uploads\\\/2025\\\/06\\\/jose.jpg\",\"contentUrl\":\"https:\\\/\\\/inkbrothercusco.com\\\/wp-content\\\/uploads\\\/2025\\\/06\\\/jose.jpg\"},{\"@type\":\"BreadcrumbList\",\"@id\":\"https:\\\/\\\/inkbrothercusco.com\\\/jose\\\/#breadcrumb\",\"itemListElement\":[{\"@type\":\"ListItem\",\"position\":1,\"name\":\"Portada\",\"item\":\"https:\\\/\\\/inkbrothercusco.com\\\/\"},{\"@type\":\"ListItem\",\"position\":2,\"name\":\"Jose\"}]},{\"@type\":\"WebSite\",\"@id\":\"https:\\\/\\\/inkbrothercusco.com\\\/#website\",\"url\":\"https:\\\/\\\/inkbrothercusco.com\\\/\",\"name\":\"Inkbrotherstudio\",\"description\":\"\",\"potentialAction\":[{\"@type\":\"SearchAction\",\"target\":{\"@type\":\"EntryPoint\",\"urlTemplate\":\"https:\\\/\\\/inkbrothercusco.com\\\/?s={search_term_string}\"},\"query-input\":{\"@type\":\"PropertyValueSpecification\",\"valueRequired\":true,\"valueName\":\"search_term_string\"}}],\"inLanguage\":\"en-US\"}]}<\/script>\n<!-- \/ Yoast SEO plugin. -->","yoast_head_json":{"title":"Jose - Inkbrotherstudio","robots":{"index":"index","follow":"follow","max-snippet":"max-snippet:-1","max-image-preview":"max-image-preview:large","max-video-preview":"max-video-preview:-1"},"canonical":"https:\/\/inkbrothercusco.com\/en\/jose\/","og_locale":"en_US","og_type":"article","og_title":"Jose - Inkbrotherstudio","og_description":"JOS\u00c9 Wayfer Tattoo Soy Jos\u00e9, conocido como Wayfer Tattoo, un artista emergente especializado en blackwork y realismo. Dej\u00e9 atr\u00e1s mi carrera profesional para seguir un llamado m\u00e1s profundo: el arte corporal. Todo comenz\u00f3 con una peque\u00f1a m\u00e1quina artesanal que fabriqu\u00e9 con mis propias manos, sin imaginar que ese primer paso me llevar\u00eda a vivir mi sue\u00f1o. Hoy, gracias a Ink Brothers, ese sue\u00f1o empieza a tomar forma. A\u00fan tengo mucho camino por recorrer, pero cada trazo, cada dise\u00f1o y cada historia tatuada me acercan m\u00e1s a lo que quiero ser: un artista que deja huella.","og_url":"https:\/\/inkbrothercusco.com\/en\/jose\/","og_site_name":"Inkbrotherstudio","article_modified_time":"2025-06-11T17:40:41+00:00","og_image":[{"width":500,"height":800,"url":"https:\/\/inkbrothercusco.com\/wp-content\/uploads\/2025\/06\/jose.jpg","type":"image\/jpeg"}],"twitter_card":"summary_large_image","twitter_misc":{"Est. reading time":"1 minute"},"schema":{"@context":"https:\/\/schema.org","@graph":[{"@type":"WebPage","@id":"https:\/\/inkbrothercusco.com\/jose\/","url":"https:\/\/inkbrothercusco.com\/jose\/","name":"Jose - Inkbrotherstudio","isPartOf":{"@id":"https:\/\/inkbrothercusco.com\/#website"},"primaryImageOfPage":{"@id":"https:\/\/inkbrothercusco.com\/jose\/#primaryimage"},"image":{"@id":"https:\/\/inkbrothercusco.com\/jose\/#primaryimage"},"thumbnailUrl":"https:\/\/inkbrothercusco.com\/wp-content\/uploads\/2025\/06\/jose.jpg","datePublished":"2025-05-23T15:58:04+00:00","dateModified":"2025-06-11T17:40:41+00:00","breadcrumb":{"@id":"https:\/\/inkbrothercusco.com\/jose\/#breadcrumb"},"inLanguage":"en-US","potentialAction":[{"@type":"ReadAction","target":["https:\/\/inkbrothercusco.com\/jose\/"]}]},{"@type":"ImageObject","inLanguage":"en-US","@id":"https:\/\/inkbrothercusco.com\/jose\/#primaryimage","url":"https:\/\/inkbrothercusco.com\/wp-content\/uploads\/2025\/06\/jose.jpg","contentUrl":"https:\/\/inkbrothercusco.com\/wp-content\/uploads\/2025\/06\/jose.jpg"},{"@type":"BreadcrumbList","@id":"https:\/\/inkbrothercusco.com\/jose\/#breadcrumb","itemListElement":[{"@type":"ListItem","position":1,"name":"Portada","item":"https:\/\/inkbrothercusco.com\/"},{"@type":"ListItem","position":2,"name":"Jose"}]},{"@type":"WebSite","@id":"https:\/\/inkbrothercusco.com\/#website","url":"https:\/\/inkbrothercusco.com\/","name":"Inkbrotherstudio","description":"","potentialAction":[{"@type":"SearchAction","target":{"@type":"EntryPoint","urlTemplate":"https:\/\/inkbrothercusco.com\/?s={search_term_string}"},"query-input":{"@type":"PropertyValueSpecification","valueRequired":true,"valueName":"search_term_string"}}],"inLanguage":"en-US"}]}},"_links":{"self":[{"href":"https:\/\/inkbrothercusco.com\/en\/wp-json\/wp\/v2\/pages\/1004","targetHints":{"allow":["GET"]}}],"collection":[{"href":"https:\/\/inkbrothercusco.com\/en\/wp-json\/wp\/v2\/pages"}],"about":[{"href":"https:\/\/inkbrothercusco.com\/en\/wp-json\/wp\/v2\/types\/page"}],"author":[{"embeddable":true,"href":"https:\/\/inkbrothercusco.com\/en\/wp-json\/wp\/v2\/users\/1"}],"replies":[{"embeddable":true,"href":"https:\/\/inkbrothercusco.com\/en\/wp-json\/wp\/v2\/comments?post=1004"}],"version-history":[{"count":19,"href":"https:\/\/inkbrothercusco.com\/en\/wp-json\/wp\/v2\/pages\/1004\/revisions"}],"predecessor-version":[{"id":2027,"href":"https:\/\/inkbrothercusco.com\/en\/wp-json\/wp\/v2\/pages\/1004\/revisions\/2027"}],"wp:attachment":[{"href":"https:\/\/inkbrothercusco.com\/en\/wp-json\/wp\/v2\/media?parent=1004"}],"curies":[{"name":"wp","href":"https:\/\/api.w.org\/{rel}","templated":true}]}}